{"id":712,"date":"2025-01-15T00:41:59","date_gmt":"2025-01-15T00:41:59","guid":{"rendered":"https:\/\/ktx-neu.dev01.burningbird-media.com\/?page_id=712"},"modified":"2025-06-10T15:22:13","modified_gmt":"2025-06-10T13:22:13","slug":"agb","status":"publish","type":"page","link":"https:\/\/ktx.group\/en\/agb\/","title":{"rendered":"GTC"},"content":{"rendered":"<div data-elementor-type=\"wp-page\" data-elementor-id=\"712\" class=\"elementor elementor-712\" data-elementor-post-type=\"page\">\n\t\t\t\t<div class=\"elementor-element elementor-element-df89738 e-con-full e-flex e-con e-parent\" data-id=\"df89738\" data-element_type=\"container\" data-e-type=\"container\" data-settings=\"{&quot;background_background&quot;:&quot;classic&quot;}\">\n\t\t\t\t<div class=\"elementor-element elementor-element-8327e60 elementor-widget__width-initial elementor-widget elementor-widget-heading\" data-id=\"8327e60\" data-element_type=\"widget\" data-e-type=\"widget\" data-widget_type=\"heading.default\">\n\t\t\t\t<div class=\"elementor-widget-container\">\n\t\t\t\t\t<h1 class=\"elementor-heading-title elementor-size-default\">AGBs<\/h1>\t\t\t\t<\/div>\n\t\t\t\t<\/div>\n\t\t\t\t<div class=\"elementor-element elementor-element-d0c1391 elementor-widget-divider--view-line elementor-widget elementor-widget-divider\" data-id=\"d0c1391\" data-element_type=\"widget\" data-e-type=\"widget\" data-widget_type=\"divider.default\">\n\t\t\t\t<div class=\"elementor-widget-container\">\n\t\t\t\t\t\t\t<div class=\"elementor-divider\">\n\t\t\t<span class=\"elementor-divider-separator\">\n\t\t\t\t\t\t<\/span>\n\t\t<\/div>\n\t\t\t\t\t\t<\/div>\n\t\t\t\t<\/div>\n\t\t\t\t<\/div>\n\t\t<div class=\"elementor-element elementor-element-cb97831 e-con-full e-flex e-con e-parent\" data-id=\"cb97831\" data-element_type=\"container\" data-e-type=\"container\" data-settings=\"{&quot;background_background&quot;:&quot;classic&quot;}\">\n\t\t<div class=\"elementor-element elementor-element-403e95c e-con-full e-flex e-con e-child\" data-id=\"403e95c\" data-element_type=\"container\" data-e-type=\"container\">\n\t\t\t\t<div class=\"elementor-element elementor-element-458f919 elementor-widget__width-initial elementor-widget-tablet_extra__width-inherit elementor-widget elementor-widget-text-editor\" data-id=\"458f919\" data-element_type=\"widget\" data-e-type=\"widget\" data-widget_type=\"text-editor.default\">\n\t\t\t\t<div class=\"elementor-widget-container\">\n\t\t\t\t\t\t\t\t\t<p><b>General Terms and Conditions of Delivery of KTX GmbH<\/b><\/p>\t\t\t\t\t\t\t\t<\/div>\n\t\t\t\t<\/div>\n\t\t\t\t<\/div>\n\t\t\t\t<\/div>\n\t\t<div class=\"elementor-element elementor-element-954275b e-con-full e-flex e-con e-parent\" data-id=\"954275b\" data-element_type=\"container\" data-e-type=\"container\" data-settings=\"{&quot;background_background&quot;:&quot;classic&quot;}\">\n\t\t\t\t<div class=\"elementor-element elementor-element-eb7e003 elementor-icon-list--layout-traditional elementor-list-item-link-full_width elementor-widget elementor-widget-icon-list\" data-id=\"eb7e003\" data-element_type=\"widget\" data-e-type=\"widget\" data-widget_type=\"icon-list.default\">\n\t\t\t\t<div class=\"elementor-widget-container\">\n\t\t\t\t\t\t\t<ul class=\"elementor-icon-list-items\">\n\t\t\t\t\t\t\t<li class=\"elementor-icon-list-item\">\n\t\t\t\t\t\t\t\t\t\t\t<span class=\"elementor-icon-list-icon\">\n\t\t\t\t\t\t\t<i aria-hidden=\"true\" class=\"fas fa-circle\"><\/i>\t\t\t\t\t\t<\/span>\n\t\t\t\t\t\t\t\t\t\t<span class=\"elementor-icon-list-text\">Contents<\/span>\n\t\t\t\t\t\t\t\t\t<\/li>\n\t\t\t\t\t\t<\/ul>\n\t\t\t\t\t\t<\/div>\n\t\t\t\t<\/div>\n\t\t<div class=\"elementor-element elementor-element-6bf5462 e-con-full e-flex e-con e-child\" data-id=\"6bf5462\" data-element_type=\"container\" data-e-type=\"container\">\n\t\t\t\t<div class=\"elementor-element elementor-element-07de98d elementor-widget-mobile__width-inherit elementor-widget elementor-widget-text-editor\" data-id=\"07de98d\" data-element_type=\"widget\" data-e-type=\"widget\" data-widget_type=\"text-editor.default\">\n\t\t\t\t<div class=\"elementor-widget-container\">\n\t\t\t\t\t\t\t\t\t<ol><li><strong> General information<\/strong><\/li><\/ol><p>1.1 These Terms and Conditions of Delivery apply exclusively to all our deliveries and services. We do not recognize any conflicting or deviating terms and conditions of the customer unless we have expressly agreed to their validity in writing.<\/p><p>1.2 These terms of delivery shall also apply to all future transactions with the customer, even if we do not expressly refer to them again.<\/p><p>1.3 Amendments or supplements to these Terms and Conditions of Delivery require the <strong>written confirmation<\/strong> by us. Verbal collateral agreements are not valid.<\/p><p>1.4 Our offers are always <strong>subject to change<\/strong>. A contract is only concluded with our <strong>written order confirmation<\/strong> or by the delivery of the goods.<\/p><p>\u00a0<\/p><ol start=\"2\"><li><strong> Prices and terms of payment<\/strong><\/li><\/ol><p>2.1 Our prices are quoted in <strong>Euro (\u20ac) ex works (EXW, Incoterms\u00ae 2020)<\/strong>plus the applicable statutory value added tax.<\/p><p>2.2 If no other agreements have been made, our prices valid at the time of the order shall apply.<\/p><p>2.3 Price changes are permissible if, between conclusion of the contract and delivery <strong>Significant cost increases<\/strong> in particular due to increased material, energy or labor costs.<\/p><p>2.4 Payment must be made within <strong>30 days net<\/strong> from the invoice date. In the event of late payment, we shall be entitled to charge interest on arrears in the amount of <strong>9 percentage points above the prime rate<\/strong> as well as reminder fees.<\/p><p>2.5 Bills of exchange and checks are only accepted after <strong>special agreement<\/strong> and always accepted only on account of performance.<\/p><p>\u00a0<\/p><ol start=\"3\"><li><strong> Delivery, delivery periods and delay<\/strong><\/li><\/ol><p>3.1 Delivery dates are only binding if they have been expressly confirmed by us as binding. <strong>binding<\/strong> were confirmed.<\/p><p>3.2 Compliance with our delivery obligation presupposes that the customer submits all necessary documents in good time, issues approvals and fulfills his obligations to cooperate.<\/p><p>3.3 Our delivery obligation is subject to the reservation of <strong>correct and timely self-delivery<\/strong>.<\/p><p>3.4 <strong>Force majeure<\/strong> or unforeseeable events (e.g. material shortages, strikes, pandemics, official measures) shall extend the delivery periods by the duration of the hindrance.<\/p><p>3.5 If the customer is in default of acceptance of the goods, we may invoice him for the additional costs incurred.<\/p><p>3.6 <strong>Partial deliveries<\/strong> are permissible if they are reasonable for the customer.<\/p><p>\u00a0<\/p><ol start=\"4\"><li><strong> Transfer of risk<\/strong><\/li><\/ol><p>4.1 Delivery shall be made <strong>FCA (Incoterms\u00ae 2020) ex works<\/strong>.<\/p><p>4.2 The risk of accidental loss or deterioration of the goods shall pass to the customer when the goods are handed over to the carrier.<\/p><p>4.3 Transport insurance shall only be taken out at the express request and expense of the customer.<\/p><p>\u00a0<\/p><ol start=\"5\"><li><strong> Notification of defects and liability for material defects<\/strong><\/li><\/ol><p>5.1 The customer must inspect the goods immediately upon receipt. <strong>Obvious defects<\/strong> must be <strong>within 10 days in writing<\/strong> be reprimanded.<\/p><p>5.2 In the event of justified and timely notification of defects, we shall, at our discretion <strong>Rectification or replacement delivery<\/strong>.<\/p><p>5.3 Claims for material defects are time-barred <strong>after 12 months from transfer of risk<\/strong>unless longer periods are prescribed by law.<\/p><p>5.4 Claims for defects do not exist for <strong>Wearing parts or damage<\/strong>caused by improper use, installation or maintenance.<\/p><p>\u00a0<\/p><ol start=\"6\"><li><strong> Retention of title<\/strong><\/li><\/ol><p>6.1 We reserve title to the delivered goods until all outstanding claims have been paid in full.<\/p><p>6.2 The customer is entitled to resell the goods in the normal course of business. He hereby assigns the resulting claims to us by way of security.<\/p><p>6.3 The customer must inform us immediately of any access by third parties to the goods subject to retention of title.<\/p><p>\u00a0<\/p><ol start=\"7\"><li><strong> Liability and compensation<\/strong><\/li><\/ol><p>7.1 Our liability is governed by the statutory provisions, but with the following limitations:<\/p><ul><li>No liability for slight negligence, except in the case of breach of material contractual obligations.<\/li><li>No liability for loss of profit or indirect damage.<\/li><li>Liability is limited to the foreseeable damage typical for the contract.<\/li><li>Mandatory statutory liabilities, e.g. under the Product Liability Act, remain unaffected.<\/li><\/ul><p>\u00a0<\/p><ol start=\"8\"><li><strong> Property rights and confidentiality<\/strong><\/li><\/ol><p>8.1 If we manufacture according to drawings, specifications or models of the customer, the customer shall bear the risk that no industrial property rights of third parties are infringed.<\/p><p>8.2 All business and technical information from us must be treated confidentially and may only be made accessible to third parties with our written consent.<\/p><p>\u00a0<\/p><ol start=\"9\"><li><strong> Export controls and compliance<\/strong><\/li><\/ol><p>9.1 The customer is obliged to comply with all national and international export control regulations.<\/p><p>9.2 The Buyer shall procure all necessary export licenses at its own expense.<\/p><p>\u00a0<\/p><ol start=\"10\"><li><strong> Final provisions<\/strong><\/li><\/ol><p>10.1 The place of performance for deliveries and payments is our registered office.<\/p><p>10.2 The place of jurisdiction is the court responsible for our registered office. However, we are entitled to sue the customer at its registered office.<\/p><p>10.3 Only the <strong>Law of the Federal Republic of Germany<\/strong> to the exclusion of the UN Convention on Contracts for the International Sale of Goods (CISG).<\/p><p>10.4 Should any provision of these Terms and Conditions of Delivery be or become invalid, this shall not affect the validity of the remaining provisions.<\/p>\t\t\t\t\t\t\t\t<\/div>\n\t\t\t\t<\/div>\n\t\t\t\t<\/div>\n\t\t\t\t<\/div>\n\t\t\t\t<\/div>","protected":false},"excerpt":{"rendered":"<p>AGBs Allgemeine Lieferbedingungen der KTX GmbH Inhalt Allgemeines 1.1 Diese Lieferbedingungen gelten ausschlie\u00dflich f\u00fcr alle unsere Lieferungen und Leistungen. Entgegenstehende oder abweichende Bedingungen des Bestellers erkennen wir nicht an, es sei denn, wir haben ihrer Geltung ausdr\u00fccklich schriftlich zugestimmt. 1.2 Diese Lieferbedingungen gelten auch f\u00fcr alle zuk\u00fcnftigen Gesch\u00e4fte mit dem Besteller, selbst wenn wir nicht [&hellip;]<\/p>\n","protected":false},"author":2,"featured_media":0,"parent":0,"menu_order":0,"comment_status":"closed","ping_status":"closed","template":"","meta":{"footnotes":""},"class_list":["post-712","page","type-page","status-publish","hentry"],"_links":{"self":[{"href":"https:\/\/ktx.group\/en\/wp-json\/wp\/v2\/pages\/712","targetHints":{"allow":["GET"]}}],"collection":[{"href":"https:\/\/ktx.group\/en\/wp-json\/wp\/v2\/pages"}],"about":[{"href":"https:\/\/ktx.group\/en\/wp-json\/wp\/v2\/types\/page"}],"author":[{"embeddable":true,"href":"https:\/\/ktx.group\/en\/wp-json\/wp\/v2\/users\/2"}],"replies":[{"embeddable":true,"href":"https:\/\/ktx.group\/en\/wp-json\/wp\/v2\/comments?post=712"}],"version-history":[{"count":0,"href":"https:\/\/ktx.group\/en\/wp-json\/wp\/v2\/pages\/712\/revisions"}],"wp:attachment":[{"href":"https:\/\/ktx.group\/en\/wp-json\/wp\/v2\/media?parent=712"}],"curies":[{"name":"wp","href":"https:\/\/api.w.org\/{rel}","templated":true}]}}